{"id":121,"date":"2010-10-10T19:02:10","date_gmt":"2010-10-10T19:02:10","guid":{"rendered":"http:\/\/reiterkameradschaft-pfullingen.de\/wordpress\/?page_id=121"},"modified":"2020-03-03T16:53:37","modified_gmt":"2020-03-03T16:53:37","slug":"reitanlage","status":"publish","type":"page","link":"http:\/\/reiterkameradschaft-pfullingen.de\/home\/reitanlage\/","title":{"rendered":"Reitanlage"},"content":{"rendered":"<h2><\/h2>\n<p><span style=\"font-size: small;\"><span style=\"color: #808080;\"><span style=\"font-size: large;\"><em><span style=\"font-size: x-large;\">D<\/span><\/em><\/span><\/span><\/span><span style=\"font-size: medium;\"><em><span style=\"color: #808080;\">ie Anlage liegt mitten im Wald, in der N\u00e4he<\/span><span style=\"color: #999999;\"><span style=\"color: #808080;\"><br \/>\n<\/span><\/span><span style=\"color: #808080;\">des Wohngebietes Ahlsberg, unterhalb des Pfullinger <\/span><span style=\"color: #808080;\">Wahrzeichens,<\/span><span style=\"color: #999999;\"><span style=\"color: #808080;\"><br \/>\n<\/span><\/span><span style=\"color: #808080;\"> dem \u201c<\/span><a title=\"Sch\u00f6nbergturm - Wikipedia\" href=\"https:\/\/de.wikipedia.org\/wiki\/Sch%C3%B6nbergturm\" target=\"_blank\" rel=\"noopener noreferrer\"><span style=\"color: #808080;\">Sch\u00f6nbergturm<\/span><\/a><span style=\"color: #808080;\">\u201d.<\/span><\/em><\/span><\/p>\n<p><span style=\"font-size: small;\"><span style=\"color: #808080;\"><span style=\"font-size: large;\"><em><span style=\"font-size: x-large;\">I<\/span><\/em><\/span><\/span><\/span><span style=\"font-size: medium;\"><em><span style=\"color: #808080;\">n der Nachbarschaft befinden sich der Sch\u00fctzenverein,<\/span><span style=\"color: #999999;\"><span style=\"color: #808080;\"><br \/>\n<\/span><\/span><span style=\"color: #808080;\">der Trachtenverein und die Tennisanlage.<\/span><\/em><\/span><\/p>\n<p><span style=\"font-size: small;\"><span style=\"color: #808080;\"><span style=\"font-size: large;\"><em><span style=\"font-size: x-large;\">D<\/span><\/em><\/span><\/span><\/span><span style=\"font-size: medium;\"><em><span style=\"color: #808080;\">ie Reithalle wurde von 1966-1968 erbaut und<br \/>\nhat <\/span><span style=\"color: #808080;\">eine Gr\u00f6\u00dfe von 20 x 40 Metern. <\/span><span style=\"color: #808080;\">Platz f\u00fcr Zuschauer <\/span><span style=\"color: #808080;\">ist auf<br \/>\nder gro\u00dfen Trib\u00fcne gen\u00fcgend vorhanden.<\/span><\/em><\/span><\/p>\n<p><span style=\"font-size: small;\"><span style=\"color: #808080;\"><span style=\"font-size: large;\"><em><span style=\"font-size: x-large;\">B<\/span><\/em><\/span><\/span><\/span><span style=\"font-size: medium;\"><em><span style=\"color: #808080;\">ei gutem Wetter sind die Reiter gerne auf den beiden <\/span><span style=\"color: #808080;\">Aussenpl\u00e4tzen,<\/span><span style=\"color: #999999;\"><span style=\"color: #808080;\"><br \/>\n<\/span><\/span><span style=\"color: #808080;\"> je 30 x 80 Meter gro\u00df.<\/span><\/em><\/span><\/p>\n<p><span style=\"font-size: small;\"><span style=\"color: #808080;\"><span style=\"font-size: large;\"><em><span style=\"font-size: x-large;\">A<\/span><\/em><\/span><\/span><\/span><span style=\"font-size: medium;\"><em><span style=\"color: #808080;\">uf einem der Pl\u00e4tzen ist ein Springparcour aufgebaut.<\/span><span style=\"color: #999999;\"><span style=\"color: #808080;\"><br \/>\n<\/span><\/span><span style=\"color: #808080;\"> Zur Bewegung der Pferde steht auch eine <\/span><span style=\"color: #808080;\">F\u00fchrmaschine<br \/>\nzur Verf\u00fcgung, <\/span><span style=\"color: #808080;\">sie wurde im Jahr 2001 von einem Vereinsmitglied gespendet.<\/span><\/em><\/span><\/p>\n<p><span style=\"font-size: small;\"><span style=\"color: #808080;\"><span style=\"font-size: large;\"><em><span style=\"font-size: x-large;\">I<\/span><\/em><\/span><\/span><\/span><span style=\"font-size: medium;\"><em><span style=\"color: #808080;\">m alten Stall gibt es 14 Boxen, davon haben drei Boxen <\/span><span style=\"color: #808080;\">Paddocks,<br \/>\nnochmals 5 Boxen haben Fenster. <\/span><span style=\"color: #808080;\">Hier sind Heu, Stroh und Futter<br \/>\nf\u00fcr die Pferde <\/span><span style=\"color: #808080;\">untergebracht.<\/span><\/em><\/span><\/p>\n<p><span style=\"font-size: small;\"><span style=\"color: #808080;\"><span style=\"font-size: large;\"><em><span style=\"font-size: x-large;\">D<\/span><\/em><\/span><\/span><\/span><span style=\"font-size: medium;\"><em><span style=\"color: #808080;\">er neue Stall hat 5 Paddock-Boxen und ist sehr hell <\/span><span style=\"color: #808080;\">und luftig.<\/span><span style=\"color: #999999;\"><span style=\"color: #808080;\"><br \/>\n<\/span><\/span><span style=\"color: #808080;\"> Zur Zeit sind keine Boxen&nbsp; frei.<br \/>\n<\/span><\/em><\/span><\/p>\n<p><span style=\"font-size: small;\"><span style=\"color: #808080;\"><span style=\"font-size: large;\"><em><span style=\"font-size: x-large;\">D<\/span><\/em><\/span><\/span><\/span><span style=\"font-size: medium;\"><em><span style=\"color: #808080;\">as Reiterst\u00fcble bietet Platz f\u00fcr ca. 65 Personen <\/span><span style=\"color: #808080;\">und ist an den Turnieren bewirtet.<\/span><\/em><\/span><\/p>\n<p><span style=\"font-size: small;\"><span style=\"color: #808080;\"><span style=\"font-size: large;\"><em><span style=\"font-size: x-large;\">S<\/span><\/em><\/span><\/span><\/span><span style=\"font-size: medium;\"><em><span style=\"color: #808080;\">eit Fr\u00fchjahr 2007 hat der Verein <\/span><span style=\"color: #808080;\">von der Stadt Pfullingen<br \/>\ngro\u00dfe Weidefl\u00e4chen <\/span><span style=\"color: #808080;\">gepachtet &#8211; insgesamt ca. 2,5 Hektar.<\/span><\/em><\/span><\/p>\n","protected":false},"excerpt":{"rendered":"<p>Die Anlage liegt mitten im Wald, in der N\u00e4he des Wohngebietes Ahlsberg, unterhalb des Pfullinger Wahrzeichens, dem \u201cSch\u00f6nbergturm\u201d. In der Nachbarschaft befinden sich der Sch\u00fctzenverein, der Trachtenverein und die Tennisanlage. Die Reithalle wurde von 1966-1968 erbaut und hat eine Gr\u00f6\u00dfe von 20 x 40 Metern. Platz f\u00fcr Zuschauer ist auf der gro\u00dfen Trib\u00fcne gen\u00fcgend vorhanden. [&hellip;]<\/p>\n","protected":false},"author":1,"featured_media":46954,"parent":0,"menu_order":0,"comment_status":"open","ping_status":"open","template":"","meta":{"footnotes":""},"_links":{"self":[{"href":"http:\/\/reiterkameradschaft-pfullingen.de\/home\/wp-json\/wp\/v2\/pages\/121"}],"collection":[{"href":"http:\/\/reiterkameradschaft-pfullingen.de\/home\/wp-json\/wp\/v2\/pages"}],"about":[{"href":"http:\/\/reiterkameradschaft-pfullingen.de\/home\/wp-json\/wp\/v2\/types\/page"}],"author":[{"embeddable":true,"href":"http:\/\/reiterkameradschaft-pfullingen.de\/home\/wp-json\/wp\/v2\/users\/1"}],"replies":[{"embeddable":true,"href":"http:\/\/reiterkameradschaft-pfullingen.de\/home\/wp-json\/wp\/v2\/comments?post=121"}],"version-history":[{"count":44,"href":"http:\/\/reiterkameradschaft-pfullingen.de\/home\/wp-json\/wp\/v2\/pages\/121\/revisions"}],"predecessor-version":[{"id":46955,"href":"http:\/\/reiterkameradschaft-pfullingen.de\/home\/wp-json\/wp\/v2\/pages\/121\/revisions\/46955"}],"wp:featuredmedia":[{"embeddable":true,"href":"http:\/\/reiterkameradschaft-pfullingen.de\/home\/wp-json\/wp\/v2\/media\/46954"}],"wp:attachment":[{"href":"http:\/\/reiterkameradschaft-pfullingen.de\/home\/wp-json\/wp\/v2\/media?parent=121"}],"curies":[{"name":"wp","href":"https:\/\/api.w.org\/{rel}","templated":true}]}}